{"id":822,"date":"2024-11-17T15:26:51","date_gmt":"2024-11-17T14:26:51","guid":{"rendered":"https:\/\/honiginternational.fr\/?page_id=822"},"modified":"2024-12-11T18:31:28","modified_gmt":"2024-12-11T17:31:28","slug":"elementor-page-822","status":"publish","type":"page","link":"https:\/\/honiginternational.fr\/?page_id=822","title":{"rendered":"Evaluation"},"content":{"rendered":"\t\t<div data-elementor-type=\"wp-page\" data-elementor-id=\"822\" class=\"elementor elementor-822\" data-elementor-post-type=\"page\">\n\t\t\t\t<div class=\"elementor-element elementor-element-f1a9d9b e-flex e-con-boxed e-con e-parent\" data-id=\"f1a9d9b\" data-element_type=\"container\" data-settings=\"{&quot;background_background&quot;:&quot;slideshow&quot;,&quot;background_slideshow_gallery&quot;:[{&quot;id&quot;:174,&quot;url&quot;:&quot;http:\\\/\\\/honiginternational.fr\\\/wp-content\\\/uploads\\\/2024\\\/10\\\/IMG20210724102311-scaled.jpg&quot;},{&quot;id&quot;:171,&quot;url&quot;:&quot;http:\\\/\\\/honiginternational.fr\\\/wp-content\\\/uploads\\\/2024\\\/10\\\/IMG20210721165018-scaled.jpg&quot;},{&quot;id&quot;:168,&quot;url&quot;:&quot;http:\\\/\\\/honiginternational.fr\\\/wp-content\\\/uploads\\\/2024\\\/10\\\/IMG20210710141234-scaled.jpg&quot;},{&quot;id&quot;:575,&quot;url&quot;:&quot;http:\\\/\\\/honiginternational.fr\\\/wp-content\\\/uploads\\\/2024\\\/11\\\/Bien-6.png&quot;},{&quot;id&quot;:506,&quot;url&quot;:&quot;http:\\\/\\\/honiginternational.fr\\\/wp-content\\\/uploads\\\/2024\\\/11\\\/Bien-1.png&quot;},{&quot;id&quot;:512,&quot;url&quot;:&quot;http:\\\/\\\/honiginternational.fr\\\/wp-content\\\/uploads\\\/2024\\\/11\\\/Bien-2.png&quot;},{&quot;id&quot;:515,&quot;url&quot;:&quot;http:\\\/\\\/honiginternational.fr\\\/wp-content\\\/uploads\\\/2024\\\/11\\\/Bien-3.png&quot;},{&quot;id&quot;:518,&quot;url&quot;:&quot;http:\\\/\\\/honiginternational.fr\\\/wp-content\\\/uploads\\\/2024\\\/11\\\/Bien-4.png&quot;}],&quot;_ob_use_container_extras&quot;:&quot;no&quot;,&quot;background_slideshow_loop&quot;:&quot;yes&quot;,&quot;background_slideshow_slide_duration&quot;:5000,&quot;background_slideshow_slide_transition&quot;:&quot;fade&quot;,&quot;background_slideshow_transition_duration&quot;:500,&quot;_ob_column_hoveranimator&quot;:&quot;no&quot;,&quot;_ob_glider_is_slider&quot;:&quot;no&quot;,&quot;_ob_column_has_pseudo&quot;:&quot;no&quot;}\">\n\t\t\t\t\t<div class=\"e-con-inner\">\n\t\t<div class=\"elementor-element elementor-element-429e1c5 e-con-full e-flex e-con e-child\" data-id=\"429e1c5\" data-element_type=\"container\" data-settings=\"{&quot;background_background&quot;:&quot;classic&quot;,&quot;_ob_use_container_extras&quot;:&quot;no&quot;,&quot;_ob_column_hoveranimator&quot;:&quot;no&quot;,&quot;_ob_glider_is_slider&quot;:&quot;no&quot;,&quot;_ob_column_has_pseudo&quot;:&quot;no&quot;}\">\n\t\t\t\t<div class=\"elementor-element elementor-element-2cbd705 ob-harakiri-inherit ob-has-background-overlay elementor-widget elementor-widget-heading\" data-id=\"2cbd705\" data-element_type=\"widget\" data-settings=\"{&quot;_ob_use_harakiri&quot;:&quot;yes&quot;,&quot;_ob_harakiri_writing_mode&quot;:&quot;inherit&quot;,&quot;_ob_harakiri_text_clip&quot;:&quot;none&quot;,&quot;_ob_perspektive_use&quot;:&quot;no&quot;,&quot;_ob_poopart_use&quot;:&quot;yes&quot;,&quot;_ob_shadough_use&quot;:&quot;no&quot;,&quot;_ob_allow_hoveranimator&quot;:&quot;no&quot;,&quot;_ob_widget_stalker_use&quot;:&quot;no&quot;}\" data-widget_type=\"heading.default\">\n\t\t\t\t<div class=\"elementor-widget-container\">\n\t\t\t\t\t<h2 class=\"elementor-heading-title elementor-size-default\">Evaluation<\/h2>\t\t\t\t<\/div>\n\t\t\t\t<\/div>\n\t\t\t\t<div class=\"elementor-element elementor-element-9072822 ob-harakiri-inherit ob-has-background-overlay elementor-widget elementor-widget-text-editor\" data-id=\"9072822\" data-element_type=\"widget\" data-settings=\"{&quot;_ob_use_harakiri&quot;:&quot;yes&quot;,&quot;_ob_harakiri_writing_mode&quot;:&quot;inherit&quot;,&quot;_ob_postman_use&quot;:&quot;no&quot;,&quot;_ob_perspektive_use&quot;:&quot;no&quot;,&quot;_ob_poopart_use&quot;:&quot;yes&quot;,&quot;_ob_shadough_use&quot;:&quot;no&quot;,&quot;_ob_allow_hoveranimator&quot;:&quot;no&quot;,&quot;_ob_widget_stalker_use&quot;:&quot;no&quot;}\" data-widget_type=\"text-editor.default\">\n\t\t\t\t<div class=\"elementor-widget-container\">\n\t\t\t\t\t\t\t\t\t<p style=\"margin: 0in; font-family: Calibri; font-size: 11.0pt;\">L&rsquo;\u00e9valutation sp\u00e9cifique d&rsquo;un bien de prestige<\/p>\t\t\t\t\t\t\t\t<\/div>\n\t\t\t\t<\/div>\n\t\t\t\t<div class=\"elementor-element elementor-element-95abb3a ob-has-background-overlay elementor-widget elementor-widget-button\" data-id=\"95abb3a\" data-element_type=\"widget\" data-settings=\"{&quot;_ob_butterbutton_use_it&quot;:&quot;no&quot;,&quot;_ob_perspektive_use&quot;:&quot;no&quot;,&quot;_ob_poopart_use&quot;:&quot;yes&quot;,&quot;_ob_shadough_use&quot;:&quot;no&quot;,&quot;_ob_allow_hoveranimator&quot;:&quot;no&quot;,&quot;_ob_widget_stalker_use&quot;:&quot;no&quot;}\" data-widget_type=\"button.default\">\n\t\t\t\t<div class=\"elementor-widget-container\">\n\t\t\t\t\t\t\t\t\t<div class=\"elementor-button-wrapper\">\n\t\t\t\t\t<a class=\"elementor-button elementor-button-link elementor-size-sm\" href=\"https:\/\/honiginternational.fr\/?page_id=451\/#Specialistes\" target=\"_blank\">\n\t\t\t\t\t\t<span class=\"elementor-button-content-wrapper\">\n\t\t\t\t\t\t<span class=\"elementor-button-icon\">\n\t\t\t\t<svg aria-hidden=\"true\" class=\"e-font-icon-svg e-far-address-book\" viewBox=\"0 0 448 512\" xmlns=\"http:\/\/www.w3.org\/2000\/svg\"><path d=\"M436 160c6.6 0 12-5.4 12-12v-40c0-6.6-5.4-12-12-12h-20V48c0-26.5-21.5-48-48-48H48C21.5 0 0 21.5 0 48v416c0 26.5 21.5 48 48 48h320c26.5 0 48-21.5 48-48v-48h20c6.6 0 12-5.4 12-12v-40c0-6.6-5.4-12-12-12h-20v-64h20c6.6 0 12-5.4 12-12v-40c0-6.6-5.4-12-12-12h-20v-64h20zm-68 304H48V48h320v416zM208 256c35.3 0 64-28.7 64-64s-28.7-64-64-64-64 28.7-64 64 28.7 64 64 64zm-89.6 128h179.2c12.4 0 22.4-8.6 22.4-19.2v-19.2c0-31.8-30.1-57.6-67.2-57.6-10.8 0-18.7 8-44.8 8-26.9 0-33.4-8-44.8-8-37.1 0-67.2 25.8-67.2 57.6v19.2c0 10.6 10 19.2 22.4 19.2z\"><\/path><\/svg>\t\t\t<\/span>\n\t\t\t\t\t\t\t\t\t<span class=\"elementor-button-text\">Nos sp\u00e9cialistes<\/span>\n\t\t\t\t\t<\/span>\n\t\t\t\t\t<\/a>\n\t\t\t\t<\/div>\n\t\t\t\t\t\t\t\t<\/div>\n\t\t\t\t<\/div>\n\t\t\t\t<\/div>\n\t\t<div class=\"elementor-element elementor-element-ac5e763 e-con-full e-flex e-con e-child\" data-id=\"ac5e763\" data-element_type=\"container\" data-settings=\"{&quot;_ob_use_container_extras&quot;:&quot;no&quot;,&quot;_ob_column_hoveranimator&quot;:&quot;no&quot;,&quot;_ob_glider_is_slider&quot;:&quot;no&quot;,&quot;_ob_column_has_pseudo&quot;:&quot;no&quot;}\">\n\t\t\t\t<\/div>\n\t\t\t\t\t<\/div>\n\t\t\t\t<\/div>\n\t\t<div class=\"elementor-element elementor-element-474d165 e-flex e-con-boxed e-con e-parent\" data-id=\"474d165\" data-element_type=\"container\" data-settings=\"{&quot;_ob_use_container_extras&quot;:&quot;no&quot;,&quot;_ob_column_hoveranimator&quot;:&quot;no&quot;,&quot;_ob_glider_is_slider&quot;:&quot;no&quot;,&quot;_ob_column_has_pseudo&quot;:&quot;no&quot;}\">\n\t\t\t\t\t<div class=\"e-con-inner\">\n\t\t<div class=\"elementor-element elementor-element-3aa757c e-con-full e-flex e-con e-child\" data-id=\"3aa757c\" data-element_type=\"container\" data-settings=\"{&quot;_ob_use_container_extras&quot;:&quot;no&quot;,&quot;_ob_column_hoveranimator&quot;:&quot;no&quot;,&quot;_ob_glider_is_slider&quot;:&quot;no&quot;,&quot;_ob_column_has_pseudo&quot;:&quot;no&quot;}\">\n\t\t\t\t<div class=\"elementor-element elementor-element-a3f9bf4 ob-has-background-overlay elementor-widget elementor-widget-menu-anchor\" data-id=\"a3f9bf4\" data-element_type=\"widget\" data-settings=\"{&quot;_ob_perspektive_use&quot;:&quot;no&quot;,&quot;_ob_poopart_use&quot;:&quot;yes&quot;,&quot;_ob_shadough_use&quot;:&quot;no&quot;,&quot;_ob_allow_hoveranimator&quot;:&quot;no&quot;,&quot;_ob_widget_stalker_use&quot;:&quot;no&quot;}\" data-widget_type=\"menu-anchor.default\">\n\t\t\t\t<div class=\"elementor-widget-container\">\n\t\t\t\t\t\t\t<div class=\"elementor-menu-anchor\" id=\"Evaluation\"><\/div>\n\t\t\t\t\t\t<\/div>\n\t\t\t\t<\/div>\n\t\t\t\t<div class=\"elementor-element elementor-element-a2ff4d4 ob-harakiri-inherit ob-has-background-overlay elementor-widget elementor-widget-heading\" data-id=\"a2ff4d4\" data-element_type=\"widget\" data-settings=\"{&quot;_ob_use_harakiri&quot;:&quot;yes&quot;,&quot;_ob_harakiri_writing_mode&quot;:&quot;inherit&quot;,&quot;_ob_harakiri_text_clip&quot;:&quot;none&quot;,&quot;_ob_perspektive_use&quot;:&quot;no&quot;,&quot;_ob_poopart_use&quot;:&quot;yes&quot;,&quot;_ob_shadough_use&quot;:&quot;no&quot;,&quot;_ob_allow_hoveranimator&quot;:&quot;no&quot;,&quot;_ob_widget_stalker_use&quot;:&quot;no&quot;}\" data-widget_type=\"heading.default\">\n\t\t\t\t<div class=\"elementor-widget-container\">\n\t\t\t\t\t<h2 class=\"elementor-heading-title elementor-size-default\">Discr\u00e9tion - Exigence - Exp\u00e9rience<\/h2>\t\t\t\t<\/div>\n\t\t\t\t<\/div>\n\t\t\t\t<div class=\"elementor-element elementor-element-952131d ob-harakiri-inherit ob-has-background-overlay elementor-widget elementor-widget-text-editor\" data-id=\"952131d\" data-element_type=\"widget\" data-settings=\"{&quot;_ob_use_harakiri&quot;:&quot;yes&quot;,&quot;_ob_harakiri_writing_mode&quot;:&quot;inherit&quot;,&quot;_ob_postman_use&quot;:&quot;no&quot;,&quot;_ob_perspektive_use&quot;:&quot;no&quot;,&quot;_ob_poopart_use&quot;:&quot;yes&quot;,&quot;_ob_shadough_use&quot;:&quot;no&quot;,&quot;_ob_allow_hoveranimator&quot;:&quot;no&quot;,&quot;_ob_widget_stalker_use&quot;:&quot;no&quot;}\" data-widget_type=\"text-editor.default\">\n\t\t\t\t<div class=\"elementor-widget-container\">\n\t\t\t\t\t\t\t\t\t<p>L&rsquo;agence HONIG a b\u00e2ti sa r\u00e9putation sur sa capacit\u00e9 \u00e0 r\u00e9pondre aux recherches d&rsquo;une client\u00e8le internationale exigeante\u00a0\u00a0<\/p><p>Historiquement positionn\u00e9e sur le sud de la France, le bouche \u00e0 oreille, les recommandations et notre r\u00e9seau de partenaires, ont conduit nos experts des biens de prestige \u00e0 \u00e9largir leur p\u00e9rim\u00e8tre d&rsquo;intervention. C&rsquo;est ainsi que l&rsquo;\u00e9quipe \u00ab\u00a0Exclusive By HONIG\u00a0\u00bb\u00a0 intervient aujourd&rsquo;hui sur tout le territoire fran\u00e7ais et m\u00eame parfois au del\u00e0 de nos fronti\u00e8res.<\/p><p>L&rsquo;\u00e9valuation d&rsquo;un bien de prestige n\u00e9cessite un savoir-faire et des comp\u00e9tences sp\u00e9cifiques qui ne s&rsquo;acqui\u00e8rent qu&rsquo;avec l&rsquo;exp\u00e9rience.<\/p><p><strong>C&rsquo;est cette exp\u00e9rience<\/strong> que nous mettons \u00e0 votre service avec nos trois experts et tout le r\u00e9seau de partenaires avec qui nous travaillons en \u00e9troite collaboration (avocats d&rsquo;affaires, gestionnaires de patrimoines, commissaires-priseurs, &#8230;) qui d\u00e9passe largement le cadre immobilier stricto sensu.<\/p><p>Vous souhaitez faire r\u00e9aliser une \u00e9valuation de votre bien en toute discr\u00e9tion ?\u00a0<\/p><p>Vous \u00eates un professionnels cherchant \u00e0 int\u00e9grer notre r\u00e9seau de partenaires ?<\/p><p>Rencontrons-nous &#8230;<\/p>\t\t\t\t\t\t\t\t<\/div>\n\t\t\t\t<\/div>\n\t\t\t\t<div class=\"elementor-element elementor-element-fc14ecc ob-has-background-overlay elementor-widget elementor-widget-button\" data-id=\"fc14ecc\" data-element_type=\"widget\" data-settings=\"{&quot;_ob_butterbutton_use_it&quot;:&quot;no&quot;,&quot;_ob_perspektive_use&quot;:&quot;no&quot;,&quot;_ob_poopart_use&quot;:&quot;yes&quot;,&quot;_ob_shadough_use&quot;:&quot;no&quot;,&quot;_ob_allow_hoveranimator&quot;:&quot;no&quot;,&quot;_ob_widget_stalker_use&quot;:&quot;no&quot;}\" data-widget_type=\"button.default\">\n\t\t\t\t<div class=\"elementor-widget-container\">\n\t\t\t\t\t\t\t\t\t<div class=\"elementor-button-wrapper\">\n\t\t\t\t\t<a class=\"elementor-button elementor-button-link elementor-size-sm\" href=\"https:\/\/honiginternational.fr\/?page_id=33\/#FormContact\">\n\t\t\t\t\t\t<span class=\"elementor-button-content-wrapper\">\n\t\t\t\t\t\t<span class=\"elementor-button-icon\">\n\t\t\t\t<svg aria-hidden=\"true\" class=\"e-font-icon-svg e-far-address-card\" viewBox=\"0 0 576 512\" xmlns=\"http:\/\/www.w3.org\/2000\/svg\"><path d=\"M528 32H48C21.5 32 0 53.5 0 80v352c0 26.5 21.5 48 48 48h480c26.5 0 48-21.5 48-48V80c0-26.5-21.5-48-48-48zm0 400H48V80h480v352zM208 256c35.3 0 64-28.7 64-64s-28.7-64-64-64-64 28.7-64 64 28.7 64 64 64zm-89.6 128h179.2c12.4 0 22.4-8.6 22.4-19.2v-19.2c0-31.8-30.1-57.6-67.2-57.6-10.8 0-18.7 8-44.8 8-26.9 0-33.4-8-44.8-8-37.1 0-67.2 25.8-67.2 57.6v19.2c0 10.6 10 19.2 22.4 19.2zM360 320h112c4.4 0 8-3.6 8-8v-16c0-4.4-3.6-8-8-8H360c-4.4 0-8 3.6-8 8v16c0 4.4 3.6 8 8 8zm0-64h112c4.4 0 8-3.6 8-8v-16c0-4.4-3.6-8-8-8H360c-4.4 0-8 3.6-8 8v16c0 4.4 3.6 8 8 8zm0-64h112c4.4 0 8-3.6 8-8v-16c0-4.4-3.6-8-8-8H360c-4.4 0-8 3.6-8 8v16c0 4.4 3.6 8 8 8z\"><\/path><\/svg>\t\t\t<\/span>\n\t\t\t\t\t\t\t\t\t<span class=\"elementor-button-text\">Contact<\/span>\n\t\t\t\t\t<\/span>\n\t\t\t\t\t<\/a>\n\t\t\t\t<\/div>\n\t\t\t\t\t\t\t\t<\/div>\n\t\t\t\t<\/div>\n\t\t\t\t<\/div>\n\t\t\t\t\t<\/div>\n\t\t\t\t<\/div>\n\t\t\t\t<\/div>\n\t\t","protected":false},"excerpt":{"rendered":"<p>Evaluation L&rsquo;\u00e9valutation sp\u00e9cifique d&rsquo;un bien de prestige Nos sp\u00e9cialistes Discr\u00e9tion &#8211; Exigence &#8211; Exp\u00e9rience L&rsquo;agence HONIG a b\u00e2ti sa r\u00e9putation sur sa capacit\u00e9 \u00e0 r\u00e9pondre aux recherches d&rsquo;une client\u00e8le internationale exigeante\u00a0\u00a0 Historiquement positionn\u00e9e sur le sud de la France, le bouche \u00e0 oreille, les recommandations et notre r\u00e9seau de partenaires, ont conduit nos experts des [&hellip;]<\/p>\n","protected":false},"author":1,"featured_media":0,"parent":0,"menu_order":0,"comment_status":"closed","ping_status":"closed","template":"","meta":{"_acf_changed":false,"_seopress_robots_primary_cat":"","_seopress_titles_title":"","_seopress_titles_desc":"","_seopress_robots_index":"","footnotes":""},"class_list":["post-822","page","type-page","status-publish","hentry","entry"],"acf":[],"_links":{"self":[{"href":"https:\/\/honiginternational.fr\/index.php?rest_route=\/wp\/v2\/pages\/822","targetHints":{"allow":["GET"]}}],"collection":[{"href":"https:\/\/honiginternational.fr\/index.php?rest_route=\/wp\/v2\/pages"}],"about":[{"href":"https:\/\/honiginternational.fr\/index.php?rest_route=\/wp\/v2\/types\/page"}],"author":[{"embeddable":true,"href":"https:\/\/honiginternational.fr\/index.php?rest_route=\/wp\/v2\/users\/1"}],"replies":[{"embeddable":true,"href":"https:\/\/honiginternational.fr\/index.php?rest_route=%2Fwp%2Fv2%2Fcomments&post=822"}],"version-history":[{"count":62,"href":"https:\/\/honiginternational.fr\/index.php?rest_route=\/wp\/v2\/pages\/822\/revisions"}],"predecessor-version":[{"id":1126,"href":"https:\/\/honiginternational.fr\/index.php?rest_route=\/wp\/v2\/pages\/822\/revisions\/1126"}],"wp:attachment":[{"href":"https:\/\/honiginternational.fr\/index.php?rest_route=%2Fwp%2Fv2%2Fmedia&parent=822"}],"curies":[{"name":"wp","href":"https:\/\/api.w.org\/{rel}","templated":true}]}}