{"id":58,"date":"2024-09-19T18:32:11","date_gmt":"2024-09-19T16:32:11","guid":{"rendered":"https:\/\/honiginternational.fr\/?page_id=58"},"modified":"2024-12-29T14:42:53","modified_gmt":"2024-12-29T13:42:53","slug":"recherche","status":"publish","type":"page","link":"https:\/\/honiginternational.fr\/?page_id=58","title":{"rendered":"Recherche"},"content":{"rendered":"\t\t<div data-elementor-type=\"wp-page\" data-elementor-id=\"58\" class=\"elementor elementor-58\" data-elementor-post-type=\"page\">\n\t\t\t\t<div class=\"elementor-element elementor-element-a37edc3 e-flex e-con-boxed elementor-invisible e-con e-parent\" data-id=\"a37edc3\" data-element_type=\"container\" data-settings=\"{&quot;background_background&quot;:&quot;classic&quot;,&quot;motion_fx_motion_fx_mouse&quot;:&quot;yes&quot;,&quot;animation&quot;:&quot;zoomIn&quot;,&quot;_ob_use_container_extras&quot;:&quot;no&quot;,&quot;_ob_column_hoveranimator&quot;:&quot;no&quot;,&quot;_ob_glider_is_slider&quot;:&quot;no&quot;,&quot;_ob_column_has_pseudo&quot;:&quot;no&quot;}\">\n\t\t\t\t\t<div class=\"e-con-inner\">\n\t\t\t\t<div class=\"elementor-element elementor-element-92c61c1 elementor-grid-3 elementor-grid-tablet-2 elementor-grid-mobile-1 ob-has-background-overlay elementor-widget elementor-widget-portfolio\" data-id=\"92c61c1\" data-element_type=\"widget\" data-settings=\"{&quot;columns&quot;:&quot;3&quot;,&quot;columns_tablet&quot;:&quot;2&quot;,&quot;columns_mobile&quot;:&quot;1&quot;,&quot;item_ratio&quot;:{&quot;unit&quot;:&quot;px&quot;,&quot;size&quot;:0.66,&quot;sizes&quot;:[]},&quot;item_gap&quot;:{&quot;unit&quot;:&quot;px&quot;,&quot;size&quot;:&quot;&quot;,&quot;sizes&quot;:[]},&quot;row_gap&quot;:{&quot;unit&quot;:&quot;px&quot;,&quot;size&quot;:&quot;&quot;,&quot;sizes&quot;:[]},&quot;_ob_perspektive_use&quot;:&quot;no&quot;,&quot;_ob_poopart_use&quot;:&quot;yes&quot;,&quot;_ob_shadough_use&quot;:&quot;no&quot;,&quot;_ob_allow_hoveranimator&quot;:&quot;no&quot;,&quot;_ob_widget_stalker_use&quot;:&quot;no&quot;}\" data-widget_type=\"portfolio.default\">\n\t\t\t\t<div class=\"elementor-widget-container\">\n\t\t\t\t\t\t\t<ul class=\"elementor-portfolio__filters\">\n\t\t\t<li class=\"elementor-portfolio__filter elementor-active\" tabindex=\"0\" data-filter=\"__all\">Tout<\/li>\n\t\t\t\t\t\t\t<li class=\"elementor-portfolio__filter\" tabindex=\"0\" data-filter=\"12\">BELLES DEMEURES<\/li>\n\t\t\t\t\t\t\t<li class=\"elementor-portfolio__filter\" tabindex=\"0\" data-filter=\"4\">CH\u00c2TEAUX &amp; MANOIRS<\/li>\n\t\t\t\t\t\t\t<li class=\"elementor-portfolio__filter\" tabindex=\"0\" data-filter=\"31\">DOMAINES VITICOLES<\/li>\n\t\t\t\t\t\t\t<li class=\"elementor-portfolio__filter\" tabindex=\"0\" data-filter=\"11\">PATRIMOINE PROFESSIONNEL<\/li>\n\t\t\t\t\t<\/ul>\n\t\t\t\t<div class=\"elementor-portfolio elementor-grid elementor-posts-container\">\n\t\t\t\t<article class=\"elementor-portfolio-item elementor-post elementor-filter-4 post-1271 post type-post status-publish format-standard has-post-thumbnail hentry category-chateaux entry has-media\">\n\t\t\t<a class=\"elementor-post__thumbnail__link\" href=\"https:\/\/honiginternational.fr\/?p=1271\">\n\t\t\t\t<div class=\"elementor-portfolio-item__img elementor-post__thumbnail\">\n\t\t\t<img alt=\"\" fetchpriority=\"high\" decoding=\"async\" width=\"300\" height=\"196\" src=\"https:\/\/honiginternational.fr\/wp-content\/uploads\/2024\/12\/Vignette-Gaillac-300x196.jpg\" class=\"attachment-medium size-medium wp-image-1310\" alt=\"\" srcset=\"https:\/\/honiginternational.fr\/wp-content\/uploads\/2024\/12\/Vignette-Gaillac-300x196.jpg 300w, https:\/\/honiginternational.fr\/wp-content\/uploads\/2024\/12\/Vignette-Gaillac.jpg 714w\" sizes=\"(max-width: 300px) 100vw, 300px\" \/>\t\t<\/div>\n\t\t\t\t<div class=\"elementor-portfolio-item__overlay\">\n\t\t\t\t<h3 class=\"elementor-portfolio-item__title\">\n\t\tManoir du 19\u00e8me si\u00e8cle \u00e0 Gaillac\t\t<\/h3>\n\t\t\t\t<\/div>\n\t\t\t\t<\/a>\n\t\t<\/article>\n\t\t\t\t<article class=\"elementor-portfolio-item elementor-post elementor-filter-31 post-1021 post type-post status-publish format-standard has-post-thumbnail hentry category-domaine-viticole entry has-media\">\n\t\t\t<a class=\"elementor-post__thumbnail__link\" href=\"https:\/\/honiginternational.fr\/?p=1021\">\n\t\t\t\t<div class=\"elementor-portfolio-item__img elementor-post__thumbnail\">\n\t\t\t<img alt=\"\" decoding=\"async\" width=\"300\" height=\"198\" data-src=\"https:\/\/honiginternational.fr\/wp-content\/uploads\/2024\/12\/PropVitic-300x198.jpg\" class=\"attachment-medium size-medium wp-image-1029 lazyload\" alt=\"\" data-srcset=\"https:\/\/honiginternational.fr\/wp-content\/uploads\/2024\/12\/PropVitic-300x198.jpg 300w, https:\/\/honiginternational.fr\/wp-content\/uploads\/2024\/12\/PropVitic-768x507.jpg 768w, https:\/\/honiginternational.fr\/wp-content\/uploads\/2024\/12\/PropVitic.jpg 887w\" data-sizes=\"(max-width: 300px) 100vw, 300px\" src=\"data:image\/gif;base64,R0lGODlhAQABAAAAACH5BAEKAAEALAAAAAABAAEAAAICTAEAOw==\" style=\"--smush-placeholder-width: 300px; --smush-placeholder-aspect-ratio: 300\/198;\" \/><noscript><img alt=\"\" decoding=\"async\" width=\"300\" height=\"198\" src=\"https:\/\/honiginternational.fr\/wp-content\/uploads\/2024\/12\/PropVitic-300x198.jpg\" class=\"attachment-medium size-medium wp-image-1029\" alt=\"\" srcset=\"https:\/\/honiginternational.fr\/wp-content\/uploads\/2024\/12\/PropVitic-300x198.jpg 300w, https:\/\/honiginternational.fr\/wp-content\/uploads\/2024\/12\/PropVitic-768x507.jpg 768w, https:\/\/honiginternational.fr\/wp-content\/uploads\/2024\/12\/PropVitic.jpg 887w\" sizes=\"(max-width: 300px) 100vw, 300px\" \/><\/noscript>\t\t<\/div>\n\t\t\t\t<div class=\"elementor-portfolio-item__overlay\">\n\t\t\t\t<h3 class=\"elementor-portfolio-item__title\">\n\t\tDomaine viticole de 110 ha\t\t<\/h3>\n\t\t\t\t<\/div>\n\t\t\t\t<\/a>\n\t\t<\/article>\n\t\t\t\t<article class=\"elementor-portfolio-item elementor-post elementor-filter-4 post-574 post type-post status-publish format-standard has-post-thumbnail hentry category-chateaux entry has-media\">\n\t\t\t<a class=\"elementor-post__thumbnail__link\" href=\"https:\/\/honiginternational.fr\/?p=574\">\n\t\t\t\t<div class=\"elementor-portfolio-item__img elementor-post__thumbnail\">\n\t\t\t<img alt=\"\" decoding=\"async\" width=\"300\" height=\"197\" data-src=\"https:\/\/honiginternational.fr\/wp-content\/uploads\/2024\/11\/Bien-6v-300x197-1.jpg\" class=\"attachment-medium size-medium wp-image-1329 lazyload\" alt=\"\" src=\"data:image\/gif;base64,R0lGODlhAQABAAAAACH5BAEKAAEALAAAAAABAAEAAAICTAEAOw==\" style=\"--smush-placeholder-width: 300px; --smush-placeholder-aspect-ratio: 300\/197;\" \/><noscript><img alt=\"\" decoding=\"async\" width=\"300\" height=\"197\" src=\"https:\/\/honiginternational.fr\/wp-content\/uploads\/2024\/11\/Bien-6v-300x197-1.jpg\" class=\"attachment-medium size-medium wp-image-1329\" alt=\"\" \/><\/noscript>\t\t<\/div>\n\t\t\t\t<div class=\"elementor-portfolio-item__overlay\">\n\t\t\t\t<h3 class=\"elementor-portfolio-item__title\">\n\t\tCh\u00e2teau du 19\u00e9me si\u00e8cle \u00ab\u00a0Douce France\u00a0\u00bb\t\t<\/h3>\n\t\t\t\t<\/div>\n\t\t\t\t<\/a>\n\t\t<\/article>\n\t\t\t\t<article class=\"elementor-portfolio-item elementor-post elementor-filter-12 elementor-filter-11 post-570 post type-post status-publish format-standard has-post-thumbnail hentry category-demeures category-patrimoine-professionnel entry has-media\">\n\t\t\t<a class=\"elementor-post__thumbnail__link\" href=\"https:\/\/honiginternational.fr\/?p=570\">\n\t\t\t\t<div class=\"elementor-portfolio-item__img elementor-post__thumbnail\">\n\t\t\t<img alt=\"\" loading=\"lazy\" decoding=\"async\" width=\"300\" height=\"201\" data-src=\"https:\/\/honiginternational.fr\/wp-content\/uploads\/2024\/11\/Bien-5-300x201.png\" class=\"attachment-medium size-medium wp-image-571 lazyload\" alt=\"\" data-srcset=\"https:\/\/honiginternational.fr\/wp-content\/uploads\/2024\/11\/Bien-5-300x201.png 300w, https:\/\/honiginternational.fr\/wp-content\/uploads\/2024\/11\/Bien-5.png 386w\" data-sizes=\"(max-width: 300px) 100vw, 300px\" src=\"data:image\/gif;base64,R0lGODlhAQABAAAAACH5BAEKAAEALAAAAAABAAEAAAICTAEAOw==\" style=\"--smush-placeholder-width: 300px; --smush-placeholder-aspect-ratio: 300\/201;\" \/><noscript><img alt=\"\" loading=\"lazy\" decoding=\"async\" width=\"300\" height=\"201\" src=\"https:\/\/honiginternational.fr\/wp-content\/uploads\/2024\/11\/Bien-5-300x201.png\" class=\"attachment-medium size-medium wp-image-571\" alt=\"\" srcset=\"https:\/\/honiginternational.fr\/wp-content\/uploads\/2024\/11\/Bien-5-300x201.png 300w, https:\/\/honiginternational.fr\/wp-content\/uploads\/2024\/11\/Bien-5.png 386w\" sizes=\"(max-width: 300px) 100vw, 300px\" \/><\/noscript>\t\t<\/div>\n\t\t\t\t<div class=\"elementor-portfolio-item__overlay\">\n\t\t\t\t<h3 class=\"elementor-portfolio-item__title\">\n\t\tEntre Lub\u00e9ron et Ventoux\t\t<\/h3>\n\t\t\t\t<\/div>\n\t\t\t\t<\/a>\n\t\t<\/article>\n\t\t\t\t<article class=\"elementor-portfolio-item elementor-post elementor-filter-4 post-517 post type-post status-publish format-standard has-post-thumbnail hentry category-chateaux entry has-media\">\n\t\t\t<a class=\"elementor-post__thumbnail__link\" href=\"https:\/\/honiginternational.fr\/?p=517\">\n\t\t\t\t<div class=\"elementor-portfolio-item__img elementor-post__thumbnail\">\n\t\t\t<img alt=\"\" loading=\"lazy\" decoding=\"async\" width=\"300\" height=\"198\" data-src=\"https:\/\/honiginternational.fr\/wp-content\/uploads\/2024\/11\/Bien-4-300x198.png\" class=\"attachment-medium size-medium wp-image-518 lazyload\" alt=\"\" data-srcset=\"https:\/\/honiginternational.fr\/wp-content\/uploads\/2024\/11\/Bien-4-300x198.png 300w, https:\/\/honiginternational.fr\/wp-content\/uploads\/2024\/11\/Bien-4-768x507.png 768w, https:\/\/honiginternational.fr\/wp-content\/uploads\/2024\/11\/Bien-4.png 887w\" data-sizes=\"(max-width: 300px) 100vw, 300px\" src=\"data:image\/gif;base64,R0lGODlhAQABAAAAACH5BAEKAAEALAAAAAABAAEAAAICTAEAOw==\" style=\"--smush-placeholder-width: 300px; --smush-placeholder-aspect-ratio: 300\/198;\" \/><noscript><img alt=\"\" loading=\"lazy\" decoding=\"async\" width=\"300\" height=\"198\" src=\"https:\/\/honiginternational.fr\/wp-content\/uploads\/2024\/11\/Bien-4-300x198.png\" class=\"attachment-medium size-medium wp-image-518\" alt=\"\" srcset=\"https:\/\/honiginternational.fr\/wp-content\/uploads\/2024\/11\/Bien-4-300x198.png 300w, https:\/\/honiginternational.fr\/wp-content\/uploads\/2024\/11\/Bien-4-768x507.png 768w, https:\/\/honiginternational.fr\/wp-content\/uploads\/2024\/11\/Bien-4.png 887w\" sizes=\"(max-width: 300px) 100vw, 300px\" \/><\/noscript>\t\t<\/div>\n\t\t\t\t<div class=\"elementor-portfolio-item__overlay\">\n\t\t\t\t<h3 class=\"elementor-portfolio-item__title\">\n\t\tCh\u00e2teau sur un domaine de 9,5 hectares\t\t<\/h3>\n\t\t\t\t<\/div>\n\t\t\t\t<\/a>\n\t\t<\/article>\n\t\t\t\t<article class=\"elementor-portfolio-item elementor-post elementor-filter-4 post-514 post type-post status-publish format-standard has-post-thumbnail hentry category-chateaux entry has-media\">\n\t\t\t<a class=\"elementor-post__thumbnail__link\" href=\"https:\/\/honiginternational.fr\/?p=514\">\n\t\t\t\t<div class=\"elementor-portfolio-item__img elementor-post__thumbnail\">\n\t\t\t<img alt=\"\" loading=\"lazy\" decoding=\"async\" width=\"300\" height=\"197\" data-src=\"https:\/\/honiginternational.fr\/wp-content\/uploads\/2024\/11\/Bien-3vendu-300x197-1.jpg\" class=\"attachment-medium size-medium wp-image-1340 lazyload\" alt=\"\" src=\"data:image\/gif;base64,R0lGODlhAQABAAAAACH5BAEKAAEALAAAAAABAAEAAAICTAEAOw==\" style=\"--smush-placeholder-width: 300px; --smush-placeholder-aspect-ratio: 300\/197;\" \/><noscript><img alt=\"\" loading=\"lazy\" decoding=\"async\" width=\"300\" height=\"197\" src=\"https:\/\/honiginternational.fr\/wp-content\/uploads\/2024\/11\/Bien-3vendu-300x197-1.jpg\" class=\"attachment-medium size-medium wp-image-1340\" alt=\"\" \/><\/noscript>\t\t<\/div>\n\t\t\t\t<div class=\"elementor-portfolio-item__overlay\">\n\t\t\t\t<h3 class=\"elementor-portfolio-item__title\">\n\t\tCh\u00e2teau sur un domaine de 60 hectares\t\t<\/h3>\n\t\t\t\t<\/div>\n\t\t\t\t<\/a>\n\t\t<\/article>\n\t\t\t\t<\/div>\n\t\t\t\t\t\t<\/div>\n\t\t\t\t<\/div>\n\t\t\t\t\t<\/div>\n\t\t\t\t<\/div>\n\t\t<div class=\"elementor-element elementor-element-3d21803 e-flex e-con-boxed e-con e-parent\" data-id=\"3d21803\" data-element_type=\"container\" data-settings=\"{&quot;_ob_use_container_extras&quot;:&quot;no&quot;,&quot;_ob_column_hoveranimator&quot;:&quot;no&quot;,&quot;_ob_glider_is_slider&quot;:&quot;no&quot;,&quot;_ob_column_has_pseudo&quot;:&quot;no&quot;}\">\n\t\t\t\t\t<div class=\"e-con-inner\">\n\t\t<div class=\"elementor-element elementor-element-cf4e5d3 e-con-full e-flex e-con e-child\" data-id=\"cf4e5d3\" data-element_type=\"container\" data-settings=\"{&quot;_ob_use_container_extras&quot;:&quot;no&quot;,&quot;_ob_column_hoveranimator&quot;:&quot;no&quot;,&quot;_ob_glider_is_slider&quot;:&quot;no&quot;,&quot;_ob_column_has_pseudo&quot;:&quot;no&quot;}\">\n\t\t\t\t<div class=\"elementor-element elementor-element-8ca9a84 ob-has-background-overlay elementor-widget elementor-widget-menu-anchor\" data-id=\"8ca9a84\" data-element_type=\"widget\" data-settings=\"{&quot;_ob_perspektive_use&quot;:&quot;no&quot;,&quot;_ob_poopart_use&quot;:&quot;yes&quot;,&quot;_ob_shadough_use&quot;:&quot;no&quot;,&quot;_ob_allow_hoveranimator&quot;:&quot;no&quot;,&quot;_ob_widget_stalker_use&quot;:&quot;no&quot;}\" data-widget_type=\"menu-anchor.default\">\n\t\t\t\t<div class=\"elementor-widget-container\">\n\t\t\t\t\t\t\t<div class=\"elementor-menu-anchor\" id=\"OffMarket\"><\/div>\n\t\t\t\t\t\t<\/div>\n\t\t\t\t<\/div>\n\t\t\t\t<div class=\"elementor-element elementor-element-02e56b6 ob-harakiri-inherit ob-has-background-overlay elementor-widget elementor-widget-heading\" data-id=\"02e56b6\" data-element_type=\"widget\" data-settings=\"{&quot;_ob_use_harakiri&quot;:&quot;yes&quot;,&quot;_ob_harakiri_writing_mode&quot;:&quot;inherit&quot;,&quot;_ob_harakiri_text_clip&quot;:&quot;none&quot;,&quot;_ob_perspektive_use&quot;:&quot;no&quot;,&quot;_ob_poopart_use&quot;:&quot;yes&quot;,&quot;_ob_shadough_use&quot;:&quot;no&quot;,&quot;_ob_allow_hoveranimator&quot;:&quot;no&quot;,&quot;_ob_widget_stalker_use&quot;:&quot;no&quot;}\" data-widget_type=\"heading.default\">\n\t\t\t\t<div class=\"elementor-widget-container\">\n\t\t\t\t\t<h2 class=\"elementor-heading-title elementor-size-default\">Confidentiel - Off-market<\/h2>\t\t\t\t<\/div>\n\t\t\t\t<\/div>\n\t\t<div class=\"elementor-element elementor-element-88d7fff e-con-full e-flex e-con e-child\" data-id=\"88d7fff\" data-element_type=\"container\" data-settings=\"{&quot;_ob_use_container_extras&quot;:&quot;no&quot;,&quot;_ob_column_hoveranimator&quot;:&quot;no&quot;,&quot;_ob_glider_is_slider&quot;:&quot;no&quot;,&quot;_ob_column_has_pseudo&quot;:&quot;no&quot;}\">\n\t\t\t\t<div class=\"elementor-element elementor-element-8222557 ob-harakiri-inherit ob-has-background-overlay elementor-widget elementor-widget-text-editor\" data-id=\"8222557\" data-element_type=\"widget\" data-settings=\"{&quot;_ob_use_harakiri&quot;:&quot;yes&quot;,&quot;_ob_harakiri_writing_mode&quot;:&quot;inherit&quot;,&quot;_ob_postman_use&quot;:&quot;no&quot;,&quot;_ob_perspektive_use&quot;:&quot;no&quot;,&quot;_ob_poopart_use&quot;:&quot;yes&quot;,&quot;_ob_shadough_use&quot;:&quot;no&quot;,&quot;_ob_allow_hoveranimator&quot;:&quot;no&quot;,&quot;_ob_widget_stalker_use&quot;:&quot;no&quot;}\" data-widget_type=\"text-editor.default\">\n\t\t\t\t<div class=\"elementor-widget-container\">\n\t\t\t\t\t\t\t\t\t<p>De nombreux biens de prestiges sont vendus en toute discr\u00e9tion.<\/p><p>Qu&rsquo;il s&rsquo;agisse de biens \u00ab\u00a0sensibles\u00a0\u00bb du fait de la notori\u00e9t\u00e9 de leurs occupants, des oeuvres expos\u00e9es, de leur situation particuli\u00e8re, de leur caract\u00e8re professionnel, ou pour tout autre motif, ces biens ne suivent pas le cheminement classique d&rsquo;une vente immobili\u00e8re. Nous parlons alors, \u00e0 tort ou \u00e0 raison, de biens \u00ab\u00a0off-market\u00a0\u00bb.<\/p><p>Notre \u00e9quipe \u00ab\u00a0Exclusive by Honig\u00a0\u00bb \u00e9tant en lien avec des r\u00e9seaux de professionnels (notaires, avocats d&rsquo;affaires, confr\u00e8res, commissaires-priseurs,&#8230;), les biens pr\u00e9sent\u00e9s dans ce site ne constituent pas la totalit\u00e9 des biens qui nous sont confi\u00e9s.<\/p><p>Si vous avez une recherche particuli\u00e8re, n&rsquo;h\u00e9sitez-pas \u00e0 contacter nos experts qui auront certainement d&rsquo;autres biens \u00e0 vous pr\u00e9senter apr\u00e8s signature pr\u00e9alable d&rsquo;une lettre de confidentialit\u00e9.\u00a0\u00a0<\/p><p>Vous souhaitez confier la vente de votre bien en toute confidentialit\u00e9 ou vous \u00eates un professionnel en recherche de partenaire ?<\/p><p>Nous sommes \u00e0 votre disposition pour \u00e9changer sur le sujet.<\/p>\t\t\t\t\t\t\t\t<\/div>\n\t\t\t\t<\/div>\n\t\t<div class=\"elementor-element elementor-element-e484222 e-con-full e-flex e-con e-child\" data-id=\"e484222\" data-element_type=\"container\" data-settings=\"{&quot;_ob_use_container_extras&quot;:&quot;no&quot;,&quot;_ob_column_hoveranimator&quot;:&quot;no&quot;,&quot;_ob_glider_is_slider&quot;:&quot;no&quot;,&quot;_ob_column_has_pseudo&quot;:&quot;no&quot;}\">\n\t\t\t\t<div class=\"elementor-element elementor-element-b2c7948 ob-has-background-overlay elementor-widget elementor-widget-button\" data-id=\"b2c7948\" data-element_type=\"widget\" data-settings=\"{&quot;_ob_butterbutton_use_it&quot;:&quot;no&quot;,&quot;_ob_perspektive_use&quot;:&quot;no&quot;,&quot;_ob_poopart_use&quot;:&quot;yes&quot;,&quot;_ob_shadough_use&quot;:&quot;no&quot;,&quot;_ob_allow_hoveranimator&quot;:&quot;no&quot;,&quot;_ob_widget_stalker_use&quot;:&quot;no&quot;}\" data-widget_type=\"button.default\">\n\t\t\t\t<div class=\"elementor-widget-container\">\n\t\t\t\t\t\t\t\t\t<div class=\"elementor-button-wrapper\">\n\t\t\t\t\t<a class=\"elementor-button elementor-button-link elementor-size-sm\" href=\"https:\/\/honiginternational.fr\/?page_id=33\/#FormContact\">\n\t\t\t\t\t\t<span class=\"elementor-button-content-wrapper\">\n\t\t\t\t\t\t<span class=\"elementor-button-icon\">\n\t\t\t\t<svg aria-hidden=\"true\" class=\"e-font-icon-svg e-far-address-card\" viewBox=\"0 0 576 512\" xmlns=\"http:\/\/www.w3.org\/2000\/svg\"><path d=\"M528 32H48C21.5 32 0 53.5 0 80v352c0 26.5 21.5 48 48 48h480c26.5 0 48-21.5 48-48V80c0-26.5-21.5-48-48-48zm0 400H48V80h480v352zM208 256c35.3 0 64-28.7 64-64s-28.7-64-64-64-64 28.7-64 64 28.7 64 64 64zm-89.6 128h179.2c12.4 0 22.4-8.6 22.4-19.2v-19.2c0-31.8-30.1-57.6-67.2-57.6-10.8 0-18.7 8-44.8 8-26.9 0-33.4-8-44.8-8-37.1 0-67.2 25.8-67.2 57.6v19.2c0 10.6 10 19.2 22.4 19.2zM360 320h112c4.4 0 8-3.6 8-8v-16c0-4.4-3.6-8-8-8H360c-4.4 0-8 3.6-8 8v16c0 4.4 3.6 8 8 8zm0-64h112c4.4 0 8-3.6 8-8v-16c0-4.4-3.6-8-8-8H360c-4.4 0-8 3.6-8 8v16c0 4.4 3.6 8 8 8zm0-64h112c4.4 0 8-3.6 8-8v-16c0-4.4-3.6-8-8-8H360c-4.4 0-8 3.6-8 8v16c0 4.4 3.6 8 8 8z\"><\/path><\/svg>\t\t\t<\/span>\n\t\t\t\t\t\t\t\t\t<span class=\"elementor-button-text\">Contact<\/span>\n\t\t\t\t\t<\/span>\n\t\t\t\t\t<\/a>\n\t\t\t\t<\/div>\n\t\t\t\t\t\t\t\t<\/div>\n\t\t\t\t<\/div>\n\t\t\t\t<\/div>\n\t\t\t\t<\/div>\n\t\t\t\t<\/div>\n\t\t\t\t\t<\/div>\n\t\t\t\t<\/div>\n\t\t\t\t<\/div>\n\t\t","protected":false},"excerpt":{"rendered":"<p>Confidentiel &#8211; Off-market De nombreux biens de prestiges sont vendus en toute discr\u00e9tion. Qu&rsquo;il s&rsquo;agisse de biens \u00ab\u00a0sensibles\u00a0\u00bb du fait de la notori\u00e9t\u00e9 de leurs occupants, des oeuvres expos\u00e9es, de leur situation particuli\u00e8re, de leur caract\u00e8re professionnel, ou pour tout autre motif, ces biens ne suivent pas le cheminement classique d&rsquo;une vente immobili\u00e8re. Nous parlons [&hellip;]<\/p>\n","protected":false},"author":1,"featured_media":0,"parent":0,"menu_order":0,"comment_status":"closed","ping_status":"closed","template":"","meta":{"_acf_changed":false,"_seopress_robots_primary_cat":"","_seopress_titles_title":"","_seopress_titles_desc":"","_seopress_robots_index":"","footnotes":""},"class_list":["post-58","page","type-page","status-publish","hentry","entry","has-media"],"acf":[],"_links":{"self":[{"href":"https:\/\/honiginternational.fr\/index.php?rest_route=\/wp\/v2\/pages\/58","targetHints":{"allow":["GET"]}}],"collection":[{"href":"https:\/\/honiginternational.fr\/index.php?rest_route=\/wp\/v2\/pages"}],"about":[{"href":"https:\/\/honiginternational.fr\/index.php?rest_route=\/wp\/v2\/types\/page"}],"author":[{"embeddable":true,"href":"https:\/\/honiginternational.fr\/index.php?rest_route=\/wp\/v2\/users\/1"}],"replies":[{"embeddable":true,"href":"https:\/\/honiginternational.fr\/index.php?rest_route=%2Fwp%2Fv2%2Fcomments&post=58"}],"version-history":[{"count":37,"href":"https:\/\/honiginternational.fr\/index.php?rest_route=\/wp\/v2\/pages\/58\/revisions"}],"predecessor-version":[{"id":1213,"href":"https:\/\/honiginternational.fr\/index.php?rest_route=\/wp\/v2\/pages\/58\/revisions\/1213"}],"wp:attachment":[{"href":"https:\/\/honiginternational.fr\/index.php?rest_route=%2Fwp%2Fv2%2Fmedia&parent=58"}],"curies":[{"name":"wp","href":"https:\/\/api.w.org\/{rel}","templated":true}]}}